{"id":3806,"date":"2023-02-13T16:11:26","date_gmt":"2023-02-13T16:11:26","guid":{"rendered":"http:\/\/localhost:8888\/wordpress\/?page_id=3806"},"modified":"2025-03-06T10:48:51","modified_gmt":"2025-03-06T10:48:51","slug":"simka-krem-duo","status":"publish","type":"page","link":"https:\/\/candyrush.rs\/en\/simka-krem-duo\/","title":{"rendered":"Simka Krem Duo"},"content":{"rendered":"\t\t<div data-elementor-type=\"wp-page\" data-elementor-id=\"3806\" class=\"elementor elementor-3806\" data-elementor-post-type=\"page\">\n\t\t\t\t\t\t<section class=\"elementor-section elementor-top-section elementor-element elementor-element-7eb776e elementor-section-full_width elementor-section-height-min-height elementor-section-height-default elementor-section-items-middle\" data-id=\"7eb776e\" data-element_type=\"section\" data-e-type=\"section\" data-settings=\"{&quot;background_background&quot;:&quot;gradient&quot;,&quot;shape_divider_bottom&quot;:&quot;waves&quot;}\">\n\t\t\t\t\t<div class=\"elementor-shape elementor-shape-bottom\" aria-hidden=\"true\" data-negative=\"false\">\n\t\t\t<svg xmlns=\"http:\/\/www.w3.org\/2000\/svg\" viewBox=\"0 0 1000 100\" preserveAspectRatio=\"none\">\n\t<path class=\"elementor-shape-fill\" d=\"M421.9,6.5c22.6-2.5,51.5,0.4,75.5,5.3c23.6,4.9,70.9,23.5,100.5,35.7c75.8,32.2,133.7,44.5,192.6,49.7\n\tc23.6,2.1,48.7,3.5,103.4-2.5c54.7-6,106.2-25.6,106.2-25.6V0H0v30.3c0,0,72,32.6,158.4,30.5c39.2-0.7,92.8-6.7,134-22.4\n\tc21.2-8.1,52.2-18.2,79.7-24.2C399.3,7.9,411.6,7.5,421.9,6.5z\"\/>\n<\/svg>\t\t<\/div>\n\t\t\t\t\t<div class=\"elementor-container elementor-column-gap-default\">\n\t\t\t\t\t<div class=\"elementor-column elementor-col-100 elementor-top-column elementor-element elementor-element-57f1722\" data-id=\"57f1722\" data-element_type=\"column\" data-e-type=\"column\" data-settings=\"{&quot;background_background&quot;:&quot;gradient&quot;}\">\n\t\t\t<div class=\"elementor-widget-wrap\">\n\t\t\t\t\t\t\t<\/div>\n\t\t<\/div>\n\t\t\t\t\t<\/div>\n\t\t<\/section>\n\t\t\t\t<section class=\"elementor-section elementor-top-section elementor-element elementor-element-30ffde9 elementor-section-height-min-height elementor-section-items-top elementor-section-boxed elementor-section-height-default\" data-id=\"30ffde9\" data-element_type=\"section\" data-e-type=\"section\" data-settings=\"{&quot;background_background&quot;:&quot;classic&quot;,&quot;shape_divider_bottom&quot;:&quot;waves&quot;,&quot;shape_divider_bottom_negative&quot;:&quot;yes&quot;,&quot;motion_fx_motion_fx_scrolling&quot;:&quot;yes&quot;,&quot;motion_fx_devices&quot;:[&quot;widescreen&quot;,&quot;desktop&quot;,&quot;laptop&quot;,&quot;tablet_extra&quot;,&quot;tablet&quot;,&quot;mobile_extra&quot;,&quot;mobile&quot;]}\">\n\t\t\t\t\t<div class=\"elementor-shape elementor-shape-bottom\" aria-hidden=\"true\" data-negative=\"true\">\n\t\t\t<svg xmlns=\"http:\/\/www.w3.org\/2000\/svg\" viewBox=\"0 0 1000 100\" preserveAspectRatio=\"none\">\n\t<path class=\"elementor-shape-fill\" d=\"M790.5,93.1c-59.3-5.3-116.8-18-192.6-50c-29.6-12.7-76.9-31-100.5-35.9c-23.6-4.9-52.6-7.8-75.5-5.3\n\tc-10.2,1.1-22.6,1.4-50.1,7.4c-27.2,6.3-58.2,16.6-79.4,24.7c-41.3,15.9-94.9,21.9-134,22.6C72,58.2,0,25.8,0,25.8V100h1000V65.3\n\tc0,0-51.5,19.4-106.2,25.7C839.5,97,814.1,95.2,790.5,93.1z\"\/>\n<\/svg>\t\t<\/div>\n\t\t\t\t\t<div class=\"elementor-container elementor-column-gap-no\">\n\t\t\t\t\t<div class=\"elementor-column elementor-col-100 elementor-top-column elementor-element elementor-element-ab6786b\" data-id=\"ab6786b\" data-element_type=\"column\" data-e-type=\"column\">\n\t\t\t<div class=\"elementor-widget-wrap elementor-element-populated\">\n\t\t\t\t\t\t<div class=\"elementor-element elementor-element-fd1d08c elementor-widget elementor-widget-image\" data-id=\"fd1d08c\" data-element_type=\"widget\" data-e-type=\"widget\" data-widget_type=\"image.default\">\n\t\t\t\t<div class=\"elementor-widget-container\">\n\t\t\t\t\t\t\t\t\t\t\t\t\t\t\t<img fetchpriority=\"high\" decoding=\"async\" width=\"3750\" height=\"3750\" src=\"https:\/\/candyrush.rs\/wp-content\/uploads\/2025\/03\/SimkaDuo375g.png\" class=\"attachment-full size-full wp-image-4677\" alt=\"\" srcset=\"https:\/\/candyrush.rs\/wp-content\/uploads\/2025\/03\/SimkaDuo375g.png 3750w, https:\/\/candyrush.rs\/wp-content\/uploads\/2025\/03\/SimkaDuo375g-300x300.png 300w, https:\/\/candyrush.rs\/wp-content\/uploads\/2025\/03\/SimkaDuo375g-1024x1024.png 1024w, https:\/\/candyrush.rs\/wp-content\/uploads\/2025\/03\/SimkaDuo375g-150x150.png 150w, https:\/\/candyrush.rs\/wp-content\/uploads\/2025\/03\/SimkaDuo375g-768x768.png 768w, https:\/\/candyrush.rs\/wp-content\/uploads\/2025\/03\/SimkaDuo375g-1536x1536.png 1536w, https:\/\/candyrush.rs\/wp-content\/uploads\/2025\/03\/SimkaDuo375g-2048x2048.png 2048w, https:\/\/candyrush.rs\/wp-content\/uploads\/2025\/03\/SimkaDuo375g-12x12.png 12w\" sizes=\"(max-width: 3750px) 100vw, 3750px\" \/>\t\t\t\t\t\t\t\t\t\t\t\t\t\t\t<\/div>\n\t\t\t\t<\/div>\n\t\t\t\t<div class=\"elementor-element elementor-element-e3cbdd6 elementor-widget elementor-widget-heading\" data-id=\"e3cbdd6\" data-element_type=\"widget\" data-e-type=\"widget\" data-widget_type=\"heading.default\">\n\t\t\t\t<div class=\"elementor-widget-container\">\n\t\t\t\t\t<h2 class=\"elementor-heading-title elementor-size-default\">SIMKA DUO<\/h2>\t\t\t\t<\/div>\n\t\t\t\t<\/div>\n\t\t\t\t<div class=\"elementor-element elementor-element-857c793 elementor-widget elementor-widget-text-editor\" data-id=\"857c793\" data-element_type=\"widget\" data-e-type=\"widget\" data-widget_type=\"text-editor.default\">\n\t\t\t\t<div class=\"elementor-widget-container\">\n\t\t\t\t\t\t\t\t\t<p>Kakao krem proizvod<\/p>\t\t\t\t\t\t\t\t<\/div>\n\t\t\t\t<\/div>\n\t\t\t\t<div class=\"elementor-element elementor-element-5f4c4a7 elementor-widget elementor-widget-text-editor\" data-id=\"5f4c4a7\" data-element_type=\"widget\" data-e-type=\"widget\" data-widget_type=\"text-editor.default\">\n\t\t\t\t<div class=\"elementor-widget-container\">\n\t\t\t\t\t\t\t\t\t<p>375g\u00a0 \u00a0 720g<\/p>\t\t\t\t\t\t\t\t<\/div>\n\t\t\t\t<\/div>\n\t\t\t\t<div class=\"elementor-element elementor-element-78827b4 elementor-widget elementor-widget-text-editor\" data-id=\"78827b4\" data-element_type=\"widget\" data-e-type=\"widget\" data-widget_type=\"text-editor.default\">\n\t\t\t\t<div class=\"elementor-widget-container\">\n\t\t\t\t\t\t\t\t\t<p>Savr\u0161ena kombinacija finog kakao i ne\u017enog mle\u010dnog krema u svakom zalogaju. <strong>Simka Duo<\/strong> krem donosi neodoljiv spoj dva ukusa, stvoren za mazanje, deserte ili \u010disto u\u017eivanje ka\u0161i\u010dicom.<\/p>\t\t\t\t\t\t\t\t<\/div>\n\t\t\t\t<\/div>\n\t\t\t\t\t<\/div>\n\t\t<\/div>\n\t\t\t\t\t<\/div>\n\t\t<\/section>\n\t\t\t\t<section class=\"elementor-section elementor-top-section elementor-element elementor-element-5d9c698 elementor-section-boxed elementor-section-height-default elementor-section-height-default\" data-id=\"5d9c698\" data-element_type=\"section\" data-e-type=\"section\" data-settings=\"{&quot;background_background&quot;:&quot;gradient&quot;}\">\n\t\t\t\t\t\t<div class=\"elementor-container elementor-column-gap-default\">\n\t\t\t\t\t<div class=\"elementor-column elementor-col-50 elementor-top-column elementor-element elementor-element-95ad62a\" data-id=\"95ad62a\" data-element_type=\"column\" data-e-type=\"column\">\n\t\t\t<div class=\"elementor-widget-wrap elementor-element-populated\">\n\t\t\t\t\t\t<div class=\"elementor-element elementor-element-80b5e69 elementor-widget elementor-widget-heading\" data-id=\"80b5e69\" data-element_type=\"widget\" data-e-type=\"widget\" data-widget_type=\"heading.default\">\n\t\t\t\t<div class=\"elementor-widget-container\">\n\t\t\t\t\t<h2 class=\"elementor-heading-title elementor-size-default\">SASTOJCI:<\/h2>\t\t\t\t<\/div>\n\t\t\t\t<\/div>\n\t\t\t\t<div class=\"elementor-element elementor-element-f5731fc elementor-widget elementor-widget-text-editor\" data-id=\"f5731fc\" data-element_type=\"widget\" data-e-type=\"widget\" data-widget_type=\"text-editor.default\">\n\t\t\t\t<div class=\"elementor-widget-container\">\n\t\t\t\t\t\t\t\t\t<p class=\"p1\">\u0160e\u0107er, biljno ulje, delimi\u010dno hidrogenizovana biljna mast, surutka u prahu, sojino bra\u0161no, min 5% le\u0161nik, kakao prah sa redukovanim sadr\u017eajem kakao maslaca*, mleko u prahu, emulgator: suncokretov lecitin; arome. *Rainforest Alliance sertifikovano. Za vi\u0161e informacija posetite ra.org.<\/p>\t\t\t\t\t\t\t\t<\/div>\n\t\t\t\t<\/div>\n\t\t\t\t\t<\/div>\n\t\t<\/div>\n\t\t\t\t<div class=\"elementor-column elementor-col-50 elementor-top-column elementor-element elementor-element-dfcd1b5\" data-id=\"dfcd1b5\" data-element_type=\"column\" data-e-type=\"column\">\n\t\t\t<div class=\"elementor-widget-wrap elementor-element-populated\">\n\t\t\t\t\t\t<div class=\"elementor-element elementor-element-2572841 elementor-widget elementor-widget-heading\" data-id=\"2572841\" data-element_type=\"widget\" data-e-type=\"widget\" data-widget_type=\"heading.default\">\n\t\t\t\t<div class=\"elementor-widget-container\">\n\t\t\t\t\t<h2 class=\"elementor-heading-title elementor-size-default\">NUTRITIVNA VREDNOST NA 100g:<\/h2>\t\t\t\t<\/div>\n\t\t\t\t<\/div>\n\t\t\t\t<section class=\"elementor-section elementor-inner-section elementor-element elementor-element-8d9a38e elementor-section-boxed elementor-section-height-default elementor-section-height-default\" data-id=\"8d9a38e\" data-element_type=\"section\" data-e-type=\"section\">\n\t\t\t\t\t\t<div class=\"elementor-container elementor-column-gap-no\">\n\t\t\t\t\t<div class=\"elementor-column elementor-col-50 elementor-inner-column elementor-element elementor-element-2501491\" data-id=\"2501491\" data-element_type=\"column\" data-e-type=\"column\">\n\t\t\t<div class=\"elementor-widget-wrap elementor-element-populated\">\n\t\t\t\t\t\t<div class=\"elementor-element elementor-element-6ff15b8 elementor-widget elementor-widget-text-editor\" data-id=\"6ff15b8\" data-element_type=\"widget\" data-e-type=\"widget\" data-widget_type=\"text-editor.default\">\n\t\t\t\t<div class=\"elementor-widget-container\">\n\t\t\t\t\t\t\t\t\t<p style=\"text-align: left;\">ENERGETSKA VREDNOST<\/p>\t\t\t\t\t\t\t\t<\/div>\n\t\t\t\t<\/div>\n\t\t\t\t\t<\/div>\n\t\t<\/div>\n\t\t\t\t<div class=\"elementor-column elementor-col-50 elementor-inner-column elementor-element elementor-element-1429feb\" data-id=\"1429feb\" data-element_type=\"column\" data-e-type=\"column\">\n\t\t\t<div class=\"elementor-widget-wrap elementor-element-populated\">\n\t\t\t\t\t\t<div class=\"elementor-element elementor-element-035a26f elementor-widget elementor-widget-text-editor\" data-id=\"035a26f\" data-element_type=\"widget\" data-e-type=\"widget\" data-widget_type=\"text-editor.default\">\n\t\t\t\t<div class=\"elementor-widget-container\">\n\t\t\t\t\t\t\t\t\t<p style=\"text-align: right;\">2275kj\/547kcal<\/p>\t\t\t\t\t\t\t\t<\/div>\n\t\t\t\t<\/div>\n\t\t\t\t\t<\/div>\n\t\t<\/div>\n\t\t\t\t\t<\/div>\n\t\t<\/section>\n\t\t\t\t<section class=\"elementor-section elementor-inner-section elementor-element elementor-element-83af1d2 elementor-section-boxed elementor-section-height-default elementor-section-height-default\" data-id=\"83af1d2\" data-element_type=\"section\" data-e-type=\"section\">\n\t\t\t\t\t\t<div class=\"elementor-container elementor-column-gap-no\">\n\t\t\t\t\t<div class=\"elementor-column elementor-col-50 elementor-inner-column elementor-element elementor-element-b5cd486\" data-id=\"b5cd486\" data-element_type=\"column\" data-e-type=\"column\">\n\t\t\t<div class=\"elementor-widget-wrap elementor-element-populated\">\n\t\t\t\t\t\t<div class=\"elementor-element elementor-element-f6ee0d8 elementor-widget elementor-widget-text-editor\" data-id=\"f6ee0d8\" data-element_type=\"widget\" data-e-type=\"widget\" data-widget_type=\"text-editor.default\">\n\t\t\t\t<div class=\"elementor-widget-container\">\n\t\t\t\t\t\t\t\t\t<p style=\"text-align: left;\">PROTEINI<\/p>\t\t\t\t\t\t\t\t<\/div>\n\t\t\t\t<\/div>\n\t\t\t\t\t<\/div>\n\t\t<\/div>\n\t\t\t\t<div class=\"elementor-column elementor-col-50 elementor-inner-column elementor-element elementor-element-4fa5841\" data-id=\"4fa5841\" data-element_type=\"column\" data-e-type=\"column\">\n\t\t\t<div class=\"elementor-widget-wrap elementor-element-populated\">\n\t\t\t\t\t\t<div class=\"elementor-element elementor-element-6d728da elementor-widget elementor-widget-text-editor\" data-id=\"6d728da\" data-element_type=\"widget\" data-e-type=\"widget\" data-widget_type=\"text-editor.default\">\n\t\t\t\t<div class=\"elementor-widget-container\">\n\t\t\t\t\t\t\t\t\t<p style=\"text-align: right;\">3,9g<\/p>\t\t\t\t\t\t\t\t<\/div>\n\t\t\t\t<\/div>\n\t\t\t\t\t<\/div>\n\t\t<\/div>\n\t\t\t\t\t<\/div>\n\t\t<\/section>\n\t\t\t\t<section class=\"elementor-section elementor-inner-section elementor-element elementor-element-c175c1c elementor-section-boxed elementor-section-height-default elementor-section-height-default\" data-id=\"c175c1c\" data-element_type=\"section\" data-e-type=\"section\">\n\t\t\t\t\t\t<div class=\"elementor-container elementor-column-gap-no\">\n\t\t\t\t\t<div class=\"elementor-column elementor-col-50 elementor-inner-column elementor-element elementor-element-c2ac74d\" data-id=\"c2ac74d\" data-element_type=\"column\" data-e-type=\"column\">\n\t\t\t<div class=\"elementor-widget-wrap elementor-element-populated\">\n\t\t\t\t\t\t<div class=\"elementor-element elementor-element-22d23c4 elementor-widget elementor-widget-text-editor\" data-id=\"22d23c4\" data-element_type=\"widget\" data-e-type=\"widget\" data-widget_type=\"text-editor.default\">\n\t\t\t\t<div class=\"elementor-widget-container\">\n\t\t\t\t\t\t\t\t\t<p>UGLJENI HIDRATI<\/p>\t\t\t\t\t\t\t\t<\/div>\n\t\t\t\t<\/div>\n\t\t\t\t\t<\/div>\n\t\t<\/div>\n\t\t\t\t<div class=\"elementor-column elementor-col-50 elementor-inner-column elementor-element elementor-element-6feb731\" data-id=\"6feb731\" data-element_type=\"column\" data-e-type=\"column\">\n\t\t\t<div class=\"elementor-widget-wrap elementor-element-populated\">\n\t\t\t\t\t\t<div class=\"elementor-element elementor-element-465fb21 elementor-widget elementor-widget-text-editor\" data-id=\"465fb21\" data-element_type=\"widget\" data-e-type=\"widget\" data-widget_type=\"text-editor.default\">\n\t\t\t\t<div class=\"elementor-widget-container\">\n\t\t\t\t\t\t\t\t\t<p style=\"text-align: right;\">57,6g<\/p>\t\t\t\t\t\t\t\t<\/div>\n\t\t\t\t<\/div>\n\t\t\t\t\t<\/div>\n\t\t<\/div>\n\t\t\t\t\t<\/div>\n\t\t<\/section>\n\t\t\t\t<section class=\"elementor-section elementor-inner-section elementor-element elementor-element-972e437 elementor-section-boxed elementor-section-height-default elementor-section-height-default\" data-id=\"972e437\" data-element_type=\"section\" data-e-type=\"section\">\n\t\t\t\t\t\t<div class=\"elementor-container elementor-column-gap-no\">\n\t\t\t\t\t<div class=\"elementor-column elementor-col-50 elementor-inner-column elementor-element elementor-element-7beba15\" data-id=\"7beba15\" data-element_type=\"column\" data-e-type=\"column\">\n\t\t\t<div class=\"elementor-widget-wrap elementor-element-populated\">\n\t\t\t\t\t\t<div class=\"elementor-element elementor-element-5bcf9b6 elementor-widget elementor-widget-text-editor\" data-id=\"5bcf9b6\" data-element_type=\"widget\" data-e-type=\"widget\" data-widget_type=\"text-editor.default\">\n\t\t\t\t<div class=\"elementor-widget-container\">\n\t\t\t\t\t\t\t\t\t<p style=\"text-align: left;\">MASTI<\/p>\t\t\t\t\t\t\t\t<\/div>\n\t\t\t\t<\/div>\n\t\t\t\t\t<\/div>\n\t\t<\/div>\n\t\t\t\t<div class=\"elementor-column elementor-col-50 elementor-inner-column elementor-element elementor-element-bd03e13\" data-id=\"bd03e13\" data-element_type=\"column\" data-e-type=\"column\">\n\t\t\t<div class=\"elementor-widget-wrap elementor-element-populated\">\n\t\t\t\t\t\t<div class=\"elementor-element elementor-element-c7ceb64 elementor-widget elementor-widget-text-editor\" data-id=\"c7ceb64\" data-element_type=\"widget\" data-e-type=\"widget\" data-widget_type=\"text-editor.default\">\n\t\t\t\t<div class=\"elementor-widget-container\">\n\t\t\t\t\t\t\t\t\t<p style=\"text-align: right;\">31,2g<\/p>\t\t\t\t\t\t\t\t<\/div>\n\t\t\t\t<\/div>\n\t\t\t\t\t<\/div>\n\t\t<\/div>\n\t\t\t\t\t<\/div>\n\t\t<\/section>\n\t\t\t\t<section class=\"elementor-section elementor-inner-section elementor-element elementor-element-c5a8837 elementor-section-boxed elementor-section-height-default elementor-section-height-default\" data-id=\"c5a8837\" data-element_type=\"section\" data-e-type=\"section\">\n\t\t\t\t\t\t<div class=\"elementor-container elementor-column-gap-no\">\n\t\t\t\t\t<div class=\"elementor-column elementor-col-50 elementor-inner-column elementor-element elementor-element-fa693df\" data-id=\"fa693df\" data-element_type=\"column\" data-e-type=\"column\">\n\t\t\t<div class=\"elementor-widget-wrap elementor-element-populated\">\n\t\t\t\t\t\t<div class=\"elementor-element elementor-element-14d8b25 elementor-widget elementor-widget-text-editor\" data-id=\"14d8b25\" data-element_type=\"widget\" data-e-type=\"widget\" data-widget_type=\"text-editor.default\">\n\t\t\t\t<div class=\"elementor-widget-container\">\n\t\t\t\t\t\t\t\t\t<p style=\"text-align: left;\">SO<\/p>\t\t\t\t\t\t\t\t<\/div>\n\t\t\t\t<\/div>\n\t\t\t\t\t<\/div>\n\t\t<\/div>\n\t\t\t\t<div class=\"elementor-column elementor-col-50 elementor-inner-column elementor-element elementor-element-aeeb8a8\" data-id=\"aeeb8a8\" data-element_type=\"column\" data-e-type=\"column\">\n\t\t\t<div class=\"elementor-widget-wrap elementor-element-populated\">\n\t\t\t\t\t\t<div class=\"elementor-element elementor-element-cf5acce elementor-widget elementor-widget-text-editor\" data-id=\"cf5acce\" data-element_type=\"widget\" data-e-type=\"widget\" data-widget_type=\"text-editor.default\">\n\t\t\t\t<div class=\"elementor-widget-container\">\n\t\t\t\t\t\t\t\t\t<p style=\"text-align: right;\">0,26g<\/p>\t\t\t\t\t\t\t\t<\/div>\n\t\t\t\t<\/div>\n\t\t\t\t\t<\/div>\n\t\t<\/div>\n\t\t\t\t\t<\/div>\n\t\t<\/section>\n\t\t\t\t\t<\/div>\n\t\t<\/div>\n\t\t\t\t\t<\/div>\n\t\t<\/section>\n\t\t\t\t<section class=\"elementor-section elementor-top-section elementor-element elementor-element-37816b1 elementor-section-full_width elementor-section-height-min-height elementor-section-height-default elementor-section-items-middle\" data-id=\"37816b1\" data-element_type=\"section\" data-e-type=\"section\" data-settings=\"{&quot;background_background&quot;:&quot;gradient&quot;}\">\n\t\t\t\t\t\t<div class=\"elementor-container elementor-column-gap-default\">\n\t\t\t\t\t<div class=\"elementor-column elementor-col-100 elementor-top-column elementor-element elementor-element-358f319\" data-id=\"358f319\" data-element_type=\"column\" data-e-type=\"column\">\n\t\t\t<div class=\"elementor-widget-wrap elementor-element-populated\">\n\t\t\t\t\t\t<div class=\"elementor-element elementor-element-d6735ba elementor-widget elementor-widget-heading\" data-id=\"d6735ba\" data-element_type=\"widget\" data-e-type=\"widget\" data-widget_type=\"heading.default\">\n\t\t\t\t<div class=\"elementor-widget-container\">\n\t\t\t\t\t<h2 class=\"elementor-heading-title elementor-size-default\">MO\u017dDA \u0106E VAM SE SVIDETI<\/h2>\t\t\t\t<\/div>\n\t\t\t\t<\/div>\n\t\t\t\t<div class=\"elementor-element elementor-element-88c77ad elementor-widget-divider--view-line elementor-widget elementor-widget-divider\" data-id=\"88c77ad\" data-element_type=\"widget\" data-e-type=\"widget\" data-widget_type=\"divider.default\">\n\t\t\t\t<div class=\"elementor-widget-container\">\n\t\t\t\t\t\t\t<div class=\"elementor-divider\">\n\t\t\t<span class=\"elementor-divider-separator\">\n\t\t\t\t\t\t<\/span>\n\t\t<\/div>\n\t\t\t\t\t\t<\/div>\n\t\t\t\t<\/div>\n\t\t\t\t<section class=\"elementor-section elementor-inner-section elementor-element elementor-element-a44201f elementor-section-boxed elementor-section-height-default elementor-section-height-default\" data-id=\"a44201f\" data-element_type=\"section\" data-e-type=\"section\">\n\t\t\t\t\t\t<div class=\"elementor-container elementor-column-gap-default\">\n\t\t\t\t\t<div class=\"elementor-column elementor-col-25 elementor-inner-column elementor-element elementor-element-fafd11a\" data-id=\"fafd11a\" data-element_type=\"column\" data-e-type=\"column\">\n\t\t\t<div class=\"elementor-widget-wrap\">\n\t\t\t\t\t\t\t<\/div>\n\t\t<\/div>\n\t\t\t\t<div class=\"elementor-column elementor-col-25 elementor-inner-column elementor-element elementor-element-a2d87a6\" data-id=\"a2d87a6\" data-element_type=\"column\" data-e-type=\"column\">\n\t\t\t<div class=\"elementor-widget-wrap elementor-element-populated\">\n\t\t\t\t\t\t<div class=\"elementor-element elementor-element-053658f elementor-widget elementor-widget-image\" data-id=\"053658f\" data-element_type=\"widget\" data-e-type=\"widget\" data-widget_type=\"image.default\">\n\t\t\t\t<div class=\"elementor-widget-container\">\n\t\t\t\t\t\t\t\t\t\t\t\t\t\t\t\t<a href=\"https:\/\/candyrush.rs\/simka-krem-13\/\">\n\t\t\t\t\t\t\t<img decoding=\"async\" width=\"300\" height=\"300\" src=\"https:\/\/candyrush.rs\/wp-content\/uploads\/2025\/03\/SimkaLesnik13-300x300.png\" class=\"elementor-animation-pulse attachment-medium size-medium wp-image-4366\" alt=\"\" srcset=\"https:\/\/candyrush.rs\/wp-content\/uploads\/2025\/03\/SimkaLesnik13-300x300.png 300w, https:\/\/candyrush.rs\/wp-content\/uploads\/2025\/03\/SimkaLesnik13-1024x1024.png 1024w, https:\/\/candyrush.rs\/wp-content\/uploads\/2025\/03\/SimkaLesnik13-150x150.png 150w, https:\/\/candyrush.rs\/wp-content\/uploads\/2025\/03\/SimkaLesnik13-768x768.png 768w, https:\/\/candyrush.rs\/wp-content\/uploads\/2025\/03\/SimkaLesnik13-1536x1536.png 1536w, https:\/\/candyrush.rs\/wp-content\/uploads\/2025\/03\/SimkaLesnik13-2048x2048.png 2048w, https:\/\/candyrush.rs\/wp-content\/uploads\/2025\/03\/SimkaLesnik13-12x12.png 12w, https:\/\/candyrush.rs\/wp-content\/uploads\/2025\/03\/elementor\/thumbs\/SimkaLesnik13-r2b98txoism0ul95uy7anjm40eekf7m5bvkqtv8x0o.png 900w, https:\/\/candyrush.rs\/wp-content\/uploads\/2025\/03\/elementor\/thumbs\/SimkaLesnik13-r2b98txnaxtl8l3fg1c4jgrqz26xrgefg2zkogrozk.png 800w, https:\/\/candyrush.rs\/wp-content\/uploads\/2025\/03\/elementor\/thumbs\/SimkaLesnik13-r2b98txm3315mkxp14gyfdxdxpzb3p6pkaeej2agyg.png 700w, https:\/\/candyrush.rs\/wp-content\/uploads\/2025\/03\/elementor\/thumbs\/SimkaLesnik13-r2b98txlh5mxtkutto1ddci7f1vhrtkume3tgd1uxw.png 650w, https:\/\/candyrush.rs\/wp-content\/uploads\/2025\/03\/elementor\/thumbs\/SimkaLesnik13-r2b98txkv88q0krym7lsbb30wdrofxyzoht8dnt8xc.png 600w, https:\/\/candyrush.rs\/wp-content\/uploads\/2025\/03\/elementor\/thumbs\/SimkaLesnik13-r2b98txjndgaekm87aqm788nv1k1s6r9sp8289c0w8.png 500w, https:\/\/candyrush.rs\/wp-content\/uploads\/2025\/03\/elementor\/thumbs\/SimkaLesnik13-r2b98txifinuskghsdvg35eatpcf4fjjwwmw2uusv4.png 400w, https:\/\/candyrush.rs\/wp-content\/uploads\/2025\/03\/elementor\/thumbs\/SimkaLesnik13-r2b98txhtl9mzkdmkxfv13z4b18lsjxoz0cb05m6uk.png 350w\" sizes=\"(max-width: 300px) 100vw, 300px\" \/>\t\t\t\t\t\t\t\t<\/a>\n\t\t\t\t\t\t\t\t\t\t\t\t\t\t\t<\/div>\n\t\t\t\t<\/div>\n\t\t\t\t<div class=\"elementor-element elementor-element-87a2284 elementor-widget elementor-widget-heading\" data-id=\"87a2284\" data-element_type=\"widget\" data-e-type=\"widget\" data-widget_type=\"heading.default\">\n\t\t\t\t<div class=\"elementor-widget-container\">\n\t\t\t\t\t<h2 class=\"elementor-heading-title elementor-size-default\">Simka 13% Le\u0161nik<\/h2>\t\t\t\t<\/div>\n\t\t\t\t<\/div>\n\t\t\t\t\t<\/div>\n\t\t<\/div>\n\t\t\t\t<div class=\"elementor-column elementor-col-25 elementor-inner-column elementor-element elementor-element-41d7b27\" data-id=\"41d7b27\" data-element_type=\"column\" data-e-type=\"column\">\n\t\t\t<div class=\"elementor-widget-wrap elementor-element-populated\">\n\t\t\t\t\t\t<div class=\"elementor-element elementor-element-e5349ee elementor-widget elementor-widget-image\" data-id=\"e5349ee\" data-element_type=\"widget\" data-e-type=\"widget\" data-widget_type=\"image.default\">\n\t\t\t\t<div class=\"elementor-widget-container\">\n\t\t\t\t\t\t\t\t\t\t\t\t\t\t\t\t<a href=\"https:\/\/candyrush.rs\/simka-krem\/\">\n\t\t\t\t\t\t\t<img decoding=\"async\" width=\"300\" height=\"300\" src=\"https:\/\/candyrush.rs\/wp-content\/uploads\/2025\/03\/SimkaKakao375g-300x300.png\" class=\"elementor-animation-pulse attachment-medium size-medium wp-image-4681\" alt=\"\" srcset=\"https:\/\/candyrush.rs\/wp-content\/uploads\/2025\/03\/SimkaKakao375g-300x300.png 300w, https:\/\/candyrush.rs\/wp-content\/uploads\/2025\/03\/SimkaKakao375g-1024x1024.png 1024w, https:\/\/candyrush.rs\/wp-content\/uploads\/2025\/03\/SimkaKakao375g-150x150.png 150w, https:\/\/candyrush.rs\/wp-content\/uploads\/2025\/03\/SimkaKakao375g-768x768.png 768w, https:\/\/candyrush.rs\/wp-content\/uploads\/2025\/03\/SimkaKakao375g-1536x1536.png 1536w, https:\/\/candyrush.rs\/wp-content\/uploads\/2025\/03\/SimkaKakao375g-2048x2048.png 2048w, https:\/\/candyrush.rs\/wp-content\/uploads\/2025\/03\/SimkaKakao375g-12x12.png 12w\" sizes=\"(max-width: 300px) 100vw, 300px\" \/>\t\t\t\t\t\t\t\t<\/a>\n\t\t\t\t\t\t\t\t\t\t\t\t\t\t\t<\/div>\n\t\t\t\t<\/div>\n\t\t\t\t<div class=\"elementor-element elementor-element-6c67480 elementor-widget elementor-widget-heading\" data-id=\"6c67480\" data-element_type=\"widget\" data-e-type=\"widget\" data-widget_type=\"heading.default\">\n\t\t\t\t<div class=\"elementor-widget-container\">\n\t\t\t\t\t<h2 class=\"elementor-heading-title elementor-size-default\">Simka Krem<\/h2>\t\t\t\t<\/div>\n\t\t\t\t<\/div>\n\t\t\t\t\t<\/div>\n\t\t<\/div>\n\t\t\t\t<div class=\"elementor-column elementor-col-25 elementor-inner-column elementor-element elementor-element-5f24ad7\" data-id=\"5f24ad7\" data-element_type=\"column\" data-e-type=\"column\">\n\t\t\t<div class=\"elementor-widget-wrap\">\n\t\t\t\t\t\t\t<\/div>\n\t\t<\/div>\n\t\t\t\t\t<\/div>\n\t\t<\/section>\n\t\t\t\t\t<\/div>\n\t\t<\/div>\n\t\t\t\t\t<\/div>\n\t\t<\/section>\n\t\t\t\t<\/div>\n\t\t","protected":false},"excerpt":{"rendered":"<p>SIMKA DUO Kakao krem proizvod 375g\u00a0 \u00a0 720g Savr\u0161ena kombinacija finog kakao i ne\u017enog mle\u010dnog krema u svakom zalogaju. Simka Duo krem donosi neodoljiv spoj dva ukusa, stvoren za mazanje, deserte ili \u010disto u\u017eivanje ka\u0161i\u010dicom. SASTOJCI: \u0160e\u0107er, biljno ulje, delimi\u010dno hidrogenizovana biljna mast, surutka u prahu, sojino bra\u0161no, min 5% le\u0161nik, kakao prah sa redukovanim [&hellip;]<\/p>\n","protected":false},"author":2,"featured_media":0,"parent":0,"menu_order":0,"comment_status":"closed","ping_status":"closed","template":"","meta":{"footnotes":""},"class_list":["post-3806","page","type-page","status-publish","hentry"],"aioseo_notices":[],"_links":{"self":[{"href":"https:\/\/candyrush.rs\/en\/wp-json\/wp\/v2\/pages\/3806","targetHints":{"allow":["GET"]}}],"collection":[{"href":"https:\/\/candyrush.rs\/en\/wp-json\/wp\/v2\/pages"}],"about":[{"href":"https:\/\/candyrush.rs\/en\/wp-json\/wp\/v2\/types\/page"}],"author":[{"embeddable":true,"href":"https:\/\/candyrush.rs\/en\/wp-json\/wp\/v2\/users\/2"}],"replies":[{"embeddable":true,"href":"https:\/\/candyrush.rs\/en\/wp-json\/wp\/v2\/comments?post=3806"}],"version-history":[{"count":47,"href":"https:\/\/candyrush.rs\/en\/wp-json\/wp\/v2\/pages\/3806\/revisions"}],"predecessor-version":[{"id":5835,"href":"https:\/\/candyrush.rs\/en\/wp-json\/wp\/v2\/pages\/3806\/revisions\/5835"}],"wp:attachment":[{"href":"https:\/\/candyrush.rs\/en\/wp-json\/wp\/v2\/media?parent=3806"}],"curies":[{"name":"wp","href":"https:\/\/api.w.org\/{rel}","templated":true}]}}